{"id":46670,"date":"2026-03-06T15:56:32","date_gmt":"2026-03-06T14:56:32","guid":{"rendered":"https:\/\/webshop.gmatransmission.com\/product\/automatic-gearbox-tf60-09g-039f\/"},"modified":"2026-04-16T00:40:03","modified_gmt":"2026-04-15T23:40:03","slug":"automatic-gearbox-tf60-09g-039f","status":"publish","type":"product","link":"https:\/\/webshop.gmatransmission.com\/sq\/product\/automatic-gearbox-tf60-09g-039f\/","title":{"rendered":"AUTOMATIC GEARBOX TF60\/09G (039F)"},"content":{"rendered":"","protected":false},"excerpt":{"rendered":"<p>AUTOMATIC GEARBOX TF60\/09G (039F)<\/p>\n<h4 data-start=\"200\" data-end=\"230\">\u00a0<strong data-start=\"208\" data-end=\"228\">Volkswagen (VW):<\/strong><\/h4>\n<ul data-start=\"231\" data-end=\"527\">\n<li data-start=\"231\" data-end=\"289\">\n<p data-start=\"233\" data-end=\"289\"><strong data-start=\"233\" data-end=\"245\">Jetta VI<\/strong>\u00a0(1.6 MPI \/ 2.0 MPI \u2013 me traksion p\u00ebrpara)<\/p>\n<\/li>\n<li data-start=\"290\" data-end=\"364\">\n<p data-start=\"292\" data-end=\"364\"><strong data-start=\"292\" data-end=\"309\">Golf VI \/ VII<\/strong>\u00a0\u2013 1.6 MPI ose TDI me 6-shpejt\u00ebsi automatike (jo DSG)<\/p>\n<\/li>\n<li data-start=\"365\" data-end=\"413\">\n<p data-start=\"367\" data-end=\"413\"><strong data-start=\"367\" data-end=\"377\">Touran<\/strong>\u00a0\u2013 6-speed Aisin automatic, jo DSG<\/p>\n<\/li>\n<li data-start=\"414\" data-end=\"475\">\n<p data-start=\"416\" data-end=\"475\"><strong data-start=\"416\" data-end=\"443\">Tiguan (modelet e para)<\/strong>\u00a0\u2013 FWD, motor\u00eb 2.0 MPI ose TDI<\/p>\n<\/li>\n<li data-start=\"476\" data-end=\"527\">\n<p data-start=\"478\" data-end=\"527\"><strong data-start=\"478\" data-end=\"491\">Passat B7<\/strong>\u00a0\u2013 me 6-shpejt\u00ebsi automatik (jo DSG)<\/p>\n<\/li>\n<\/ul>\n<h4 data-start=\"529\" data-end=\"549\">\u00a0<strong data-start=\"537\" data-end=\"547\">Skoda:<\/strong><\/h4>\n<ul data-start=\"550\" data-end=\"716\">\n<li data-start=\"550\" data-end=\"623\">\n<p data-start=\"552\" data-end=\"623\"><strong data-start=\"552\" data-end=\"572\">Octavia II \/ III<\/strong>\u00a0(1.6 MPI ose 2.0 TDI me kambio automatike Aisin)<\/p>\n<\/li>\n<li data-start=\"624\" data-end=\"664\">\n<p data-start=\"626\" data-end=\"664\"><strong data-start=\"626\" data-end=\"634\">Yeti<\/strong>\u00a0\u2013 FWD me motor\u00eb m\u00eb t\u00eb dob\u00ebt<\/p>\n<\/li>\n<li data-start=\"665\" data-end=\"716\">\n<p data-start=\"667\" data-end=\"716\"><strong data-start=\"667\" data-end=\"680\">Superb II<\/strong>\u00a0\u2013 modelet FWD me motor\u00eb MPI ose TDI<\/p>\n<\/li>\n<\/ul>\n<h4 data-start=\"718\" data-end=\"737\">\u00a0<strong data-start=\"726\" data-end=\"735\">SEAT:<\/strong><\/h4>\n<ul data-start=\"738\" data-end=\"805\">\n<li data-start=\"738\" data-end=\"805\">\n<p data-start=\"740\" data-end=\"805\"><strong data-start=\"740\" data-end=\"768\">Leon II \/ Toledo \/ Altea<\/strong>\u00a0\u2013 me 6-shpejt\u00ebsi automatik (non-DSG)<\/p>\n<\/li>\n<\/ul>\n","protected":false},"featured_media":46103,"comment_status":"closed","ping_status":"closed","template":"","meta":[],"product_brand":[317,318,319],"product_cat":[283],"product_tag":[],"class_list":{"0":"post-46670","1":"product","2":"type-product","3":"status-publish","4":"has-post-thumbnail","6":"product_brand-seat","7":"product_brand-skoda","8":"product_brand-volkswagen","9":"product_cat-kambio-e-re","10":"pa_gearbox-code-09g","13":"first","14":"instock","15":"shipping-taxable","16":"product-type-simple"},"yoast_head":"<!-- This site is optimized with the Yoast SEO plugin v27.5 - https:\/\/yoast.com\/product\/yoast-seo-wordpress\/ -->\n<title>AUTOMATIC GEARBOX TF60\/09G (039F) - G.M.A. Transmission Online Shop<\/title>\n<meta name=\"robots\" content=\"index, follow, max-snippet:-1, max-image-preview:large, max-video-preview:-1\" \/>\n<link rel=\"canonical\" href=\"https:\/\/webshop.gmatransmission.com\/sq\/product\/automatic-gearbox-tf60-09g-039f\/\" \/>\n<meta property=\"og:locale\" content=\"sq_AL\" \/>\n<meta property=\"og:type\" content=\"article\" \/>\n<meta property=\"og:title\" content=\"AUTOMATIC GEARBOX TF60\/09G (039F) - G.M.A. Transmission Online Shop\" \/>\n<meta property=\"og:description\" content=\"AUTOMATIC GEARBOX TF60\/09G (039F) \u00a0Volkswagen (VW):    Jetta VI\u00a0(1.6 MPI \/ 2.0 MPI \u2013 me traksion p\u00ebrpara)    Golf VI \/ VII\u00a0\u2013 1.6 MPI ose TDI me 6-shpejt\u00ebsi automatike (jo DSG)    Touran\u00a0\u2013 6-speed Aisin automatic, jo DSG    Tiguan (modelet e para)\u00a0\u2013 FWD, motor\u00eb 2.0 MPI ose TDI    Passat B7\u00a0\u2013 me 6-shpejt\u00ebsi automatik (jo DSG)   \u00a0Skoda:    Octavia II \/ III\u00a0(1.6 MPI ose 2.0 TDI me kambio automatike Aisin)    Yeti\u00a0\u2013 FWD me motor\u00eb m\u00eb t\u00eb dob\u00ebt    Superb II\u00a0\u2013 modelet FWD me motor\u00eb MPI ose TDI   \u00a0SEAT:    Leon II \/ Toledo \/ Altea\u00a0\u2013 me 6-shpejt\u00ebsi automatik (non-DSG)\" \/>\n<meta property=\"og:url\" content=\"https:\/\/webshop.gmatransmission.com\/sq\/product\/automatic-gearbox-tf60-09g-039f\/\" \/>\n<meta property=\"og:site_name\" content=\"G.M.A. Transmission Online Shop\" \/>\n<meta property=\"article:publisher\" content=\"https:\/\/www.facebook.com\/GMAAutoService\" \/>\n<meta property=\"article:modified_time\" content=\"2026-04-15T23:40:03+00:00\" \/>\n<meta property=\"og:image\" content=\"https:\/\/webshop.gmatransmission.com\/wp-content\/uploads\/2026\/03\/IMG_8535-AUTOMATIC-GEARBOX-TF60-09G-065C-scaled-1.jpg\" \/>\n\t<meta property=\"og:image:width\" content=\"1920\" \/>\n\t<meta property=\"og:image:height\" content=\"2560\" \/>\n\t<meta property=\"og:image:type\" content=\"image\/jpeg\" \/>\n<meta name=\"twitter:card\" content=\"summary_large_image\" \/>\n<script type=\"application\/ld+json\" class=\"yoast-schema-graph\">{\"@context\":\"https:\\\/\\\/schema.org\",\"@graph\":[{\"@type\":\"WebPage\",\"@id\":\"https:\\\/\\\/webshop.gmatransmission.com\\\/sq\\\/product\\\/automatic-gearbox-tf60-09g-039f\\\/\",\"url\":\"https:\\\/\\\/webshop.gmatransmission.com\\\/sq\\\/product\\\/automatic-gearbox-tf60-09g-039f\\\/\",\"name\":\"AUTOMATIC GEARBOX TF60\\\/09G (039F) - G.M.A. Transmission Online Shop\",\"isPartOf\":{\"@id\":\"https:\\\/\\\/webshop.gmatransmission.com\\\/#website\"},\"primaryImageOfPage\":{\"@id\":\"https:\\\/\\\/webshop.gmatransmission.com\\\/sq\\\/product\\\/automatic-gearbox-tf60-09g-039f\\\/#primaryimage\"},\"image\":{\"@id\":\"https:\\\/\\\/webshop.gmatransmission.com\\\/sq\\\/product\\\/automatic-gearbox-tf60-09g-039f\\\/#primaryimage\"},\"thumbnailUrl\":\"https:\\\/\\\/webshop.gmatransmission.com\\\/wp-content\\\/uploads\\\/2026\\\/03\\\/IMG_8535-AUTOMATIC-GEARBOX-TF60-09G-065C-scaled-1.jpg\",\"datePublished\":\"2026-03-06T14:56:32+00:00\",\"dateModified\":\"2026-04-15T23:40:03+00:00\",\"breadcrumb\":{\"@id\":\"https:\\\/\\\/webshop.gmatransmission.com\\\/sq\\\/product\\\/automatic-gearbox-tf60-09g-039f\\\/#breadcrumb\"},\"inLanguage\":\"sq-AL\",\"potentialAction\":[{\"@type\":\"ReadAction\",\"target\":[\"https:\\\/\\\/webshop.gmatransmission.com\\\/sq\\\/product\\\/automatic-gearbox-tf60-09g-039f\\\/\"]}]},{\"@type\":\"ImageObject\",\"inLanguage\":\"sq-AL\",\"@id\":\"https:\\\/\\\/webshop.gmatransmission.com\\\/sq\\\/product\\\/automatic-gearbox-tf60-09g-039f\\\/#primaryimage\",\"url\":\"https:\\\/\\\/webshop.gmatransmission.com\\\/wp-content\\\/uploads\\\/2026\\\/03\\\/IMG_8535-AUTOMATIC-GEARBOX-TF60-09G-065C-scaled-1.jpg\",\"contentUrl\":\"https:\\\/\\\/webshop.gmatransmission.com\\\/wp-content\\\/uploads\\\/2026\\\/03\\\/IMG_8535-AUTOMATIC-GEARBOX-TF60-09G-065C-scaled-1.jpg\",\"width\":1920,\"height\":2560},{\"@type\":\"BreadcrumbList\",\"@id\":\"https:\\\/\\\/webshop.gmatransmission.com\\\/sq\\\/product\\\/automatic-gearbox-tf60-09g-039f\\\/#breadcrumb\",\"itemListElement\":[{\"@type\":\"ListItem\",\"position\":1,\"name\":\"Home\",\"item\":\"https:\\\/\\\/webshop.gmatransmission.com\\\/sq\\\/\"},{\"@type\":\"ListItem\",\"position\":2,\"name\":\"Produktet\",\"item\":\"https:\\\/\\\/webshop.gmatransmission.com\\\/sq\\\/pjese-per-kambio\\\/\"},{\"@type\":\"ListItem\",\"position\":3,\"name\":\"AUTOMATIC GEARBOX TF60\\\/09G (039F)\"}]},{\"@type\":\"WebSite\",\"@id\":\"https:\\\/\\\/webshop.gmatransmission.com\\\/#website\",\"url\":\"https:\\\/\\\/webshop.gmatransmission.com\\\/\",\"name\":\"G.M.A. Transmission Online Shop\",\"description\":\"Transmissions Parts Online - Automatic Gearbox Parts Shop Online\",\"publisher\":{\"@id\":\"https:\\\/\\\/webshop.gmatransmission.com\\\/#organization\"},\"potentialAction\":[{\"@type\":\"SearchAction\",\"target\":{\"@type\":\"EntryPoint\",\"urlTemplate\":\"https:\\\/\\\/webshop.gmatransmission.com\\\/?s={search_term_string}\"},\"query-input\":{\"@type\":\"PropertyValueSpecification\",\"valueRequired\":true,\"valueName\":\"search_term_string\"}}],\"inLanguage\":\"sq-AL\"},{\"@type\":\"Organization\",\"@id\":\"https:\\\/\\\/webshop.gmatransmission.com\\\/#organization\",\"name\":\"G.M.A. Transmission Online Shop\",\"url\":\"https:\\\/\\\/webshop.gmatransmission.com\\\/\",\"logo\":{\"@type\":\"ImageObject\",\"inLanguage\":\"sq-AL\",\"@id\":\"https:\\\/\\\/webshop.gmatransmission.com\\\/#\\\/schema\\\/logo\\\/image\\\/\",\"url\":\"http:\\\/\\\/webshop.gmatransmission.com\\\/wp-content\\\/uploads\\\/2026\\\/03\\\/icon-gma-1.png\",\"contentUrl\":\"http:\\\/\\\/webshop.gmatransmission.com\\\/wp-content\\\/uploads\\\/2026\\\/03\\\/icon-gma-1.png\",\"width\":512,\"height\":512,\"caption\":\"G.M.A. Transmission Online Shop\"},\"image\":{\"@id\":\"https:\\\/\\\/webshop.gmatransmission.com\\\/#\\\/schema\\\/logo\\\/image\\\/\"},\"sameAs\":[\"https:\\\/\\\/www.facebook.com\\\/GMAAutoService\",\"https:\\\/\\\/www.instagram.com\\\/gmatransmission\\\/\"]}]}<\/script>\n<!-- \/ Yoast SEO plugin. -->","yoast_head_json":{"title":"AUTOMATIC GEARBOX TF60\/09G (039F) - G.M.A. Transmission Online Shop","robots":{"index":"index","follow":"follow","max-snippet":"max-snippet:-1","max-image-preview":"max-image-preview:large","max-video-preview":"max-video-preview:-1"},"canonical":"https:\/\/webshop.gmatransmission.com\/sq\/product\/automatic-gearbox-tf60-09g-039f\/","og_locale":"sq_AL","og_type":"article","og_title":"AUTOMATIC GEARBOX TF60\/09G (039F) - G.M.A. Transmission Online Shop","og_description":"AUTOMATIC GEARBOX TF60\/09G (039F) \u00a0Volkswagen (VW):    Jetta VI\u00a0(1.6 MPI \/ 2.0 MPI \u2013 me traksion p\u00ebrpara)    Golf VI \/ VII\u00a0\u2013 1.6 MPI ose TDI me 6-shpejt\u00ebsi automatike (jo DSG)    Touran\u00a0\u2013 6-speed Aisin automatic, jo DSG    Tiguan (modelet e para)\u00a0\u2013 FWD, motor\u00eb 2.0 MPI ose TDI    Passat B7\u00a0\u2013 me 6-shpejt\u00ebsi automatik (jo DSG)   \u00a0Skoda:    Octavia II \/ III\u00a0(1.6 MPI ose 2.0 TDI me kambio automatike Aisin)    Yeti\u00a0\u2013 FWD me motor\u00eb m\u00eb t\u00eb dob\u00ebt    Superb II\u00a0\u2013 modelet FWD me motor\u00eb MPI ose TDI   \u00a0SEAT:    Leon II \/ Toledo \/ Altea\u00a0\u2013 me 6-shpejt\u00ebsi automatik (non-DSG)","og_url":"https:\/\/webshop.gmatransmission.com\/sq\/product\/automatic-gearbox-tf60-09g-039f\/","og_site_name":"G.M.A. Transmission Online Shop","article_publisher":"https:\/\/www.facebook.com\/GMAAutoService","article_modified_time":"2026-04-15T23:40:03+00:00","og_image":[{"width":1920,"height":2560,"url":"https:\/\/webshop.gmatransmission.com\/wp-content\/uploads\/2026\/03\/IMG_8535-AUTOMATIC-GEARBOX-TF60-09G-065C-scaled-1.jpg","type":"image\/jpeg"}],"twitter_card":"summary_large_image","schema":{"@context":"https:\/\/schema.org","@graph":[{"@type":"WebPage","@id":"https:\/\/webshop.gmatransmission.com\/sq\/product\/automatic-gearbox-tf60-09g-039f\/","url":"https:\/\/webshop.gmatransmission.com\/sq\/product\/automatic-gearbox-tf60-09g-039f\/","name":"AUTOMATIC GEARBOX TF60\/09G (039F) - G.M.A. Transmission Online Shop","isPartOf":{"@id":"https:\/\/webshop.gmatransmission.com\/#website"},"primaryImageOfPage":{"@id":"https:\/\/webshop.gmatransmission.com\/sq\/product\/automatic-gearbox-tf60-09g-039f\/#primaryimage"},"image":{"@id":"https:\/\/webshop.gmatransmission.com\/sq\/product\/automatic-gearbox-tf60-09g-039f\/#primaryimage"},"thumbnailUrl":"https:\/\/webshop.gmatransmission.com\/wp-content\/uploads\/2026\/03\/IMG_8535-AUTOMATIC-GEARBOX-TF60-09G-065C-scaled-1.jpg","datePublished":"2026-03-06T14:56:32+00:00","dateModified":"2026-04-15T23:40:03+00:00","breadcrumb":{"@id":"https:\/\/webshop.gmatransmission.com\/sq\/product\/automatic-gearbox-tf60-09g-039f\/#breadcrumb"},"inLanguage":"sq-AL","potentialAction":[{"@type":"ReadAction","target":["https:\/\/webshop.gmatransmission.com\/sq\/product\/automatic-gearbox-tf60-09g-039f\/"]}]},{"@type":"ImageObject","inLanguage":"sq-AL","@id":"https:\/\/webshop.gmatransmission.com\/sq\/product\/automatic-gearbox-tf60-09g-039f\/#primaryimage","url":"https:\/\/webshop.gmatransmission.com\/wp-content\/uploads\/2026\/03\/IMG_8535-AUTOMATIC-GEARBOX-TF60-09G-065C-scaled-1.jpg","contentUrl":"https:\/\/webshop.gmatransmission.com\/wp-content\/uploads\/2026\/03\/IMG_8535-AUTOMATIC-GEARBOX-TF60-09G-065C-scaled-1.jpg","width":1920,"height":2560},{"@type":"BreadcrumbList","@id":"https:\/\/webshop.gmatransmission.com\/sq\/product\/automatic-gearbox-tf60-09g-039f\/#breadcrumb","itemListElement":[{"@type":"ListItem","position":1,"name":"Home","item":"https:\/\/webshop.gmatransmission.com\/sq\/"},{"@type":"ListItem","position":2,"name":"Produktet","item":"https:\/\/webshop.gmatransmission.com\/sq\/pjese-per-kambio\/"},{"@type":"ListItem","position":3,"name":"AUTOMATIC GEARBOX TF60\/09G (039F)"}]},{"@type":"WebSite","@id":"https:\/\/webshop.gmatransmission.com\/#website","url":"https:\/\/webshop.gmatransmission.com\/","name":"G.M.A. Transmission Online Shop","description":"Transmissions Parts Online - Automatic Gearbox Parts Shop Online","publisher":{"@id":"https:\/\/webshop.gmatransmission.com\/#organization"},"potentialAction":[{"@type":"SearchAction","target":{"@type":"EntryPoint","urlTemplate":"https:\/\/webshop.gmatransmission.com\/?s={search_term_string}"},"query-input":{"@type":"PropertyValueSpecification","valueRequired":true,"valueName":"search_term_string"}}],"inLanguage":"sq-AL"},{"@type":"Organization","@id":"https:\/\/webshop.gmatransmission.com\/#organization","name":"G.M.A. Transmission Online Shop","url":"https:\/\/webshop.gmatransmission.com\/","logo":{"@type":"ImageObject","inLanguage":"sq-AL","@id":"https:\/\/webshop.gmatransmission.com\/#\/schema\/logo\/image\/","url":"http:\/\/webshop.gmatransmission.com\/wp-content\/uploads\/2026\/03\/icon-gma-1.png","contentUrl":"http:\/\/webshop.gmatransmission.com\/wp-content\/uploads\/2026\/03\/icon-gma-1.png","width":512,"height":512,"caption":"G.M.A. Transmission Online Shop"},"image":{"@id":"https:\/\/webshop.gmatransmission.com\/#\/schema\/logo\/image\/"},"sameAs":["https:\/\/www.facebook.com\/GMAAutoService","https:\/\/www.instagram.com\/gmatransmission\/"]}]}},"_links":{"self":[{"href":"https:\/\/webshop.gmatransmission.com\/sq\/wp-json\/wp\/v2\/product\/46670","targetHints":{"allow":["GET"]}}],"collection":[{"href":"https:\/\/webshop.gmatransmission.com\/sq\/wp-json\/wp\/v2\/product"}],"about":[{"href":"https:\/\/webshop.gmatransmission.com\/sq\/wp-json\/wp\/v2\/types\/product"}],"replies":[{"embeddable":true,"href":"https:\/\/webshop.gmatransmission.com\/sq\/wp-json\/wp\/v2\/comments?post=46670"}],"version-history":[{"count":1,"href":"https:\/\/webshop.gmatransmission.com\/sq\/wp-json\/wp\/v2\/product\/46670\/revisions"}],"predecessor-version":[{"id":46699,"href":"https:\/\/webshop.gmatransmission.com\/sq\/wp-json\/wp\/v2\/product\/46670\/revisions\/46699"}],"wp:featuredmedia":[{"embeddable":true,"href":"https:\/\/webshop.gmatransmission.com\/sq\/wp-json\/wp\/v2\/media\/46103"}],"wp:attachment":[{"href":"https:\/\/webshop.gmatransmission.com\/sq\/wp-json\/wp\/v2\/media?parent=46670"}],"wp:term":[{"taxonomy":"product_brand","embeddable":true,"href":"https:\/\/webshop.gmatransmission.com\/sq\/wp-json\/wp\/v2\/product_brand?post=46670"},{"taxonomy":"product_cat","embeddable":true,"href":"https:\/\/webshop.gmatransmission.com\/sq\/wp-json\/wp\/v2\/product_cat?post=46670"},{"taxonomy":"product_tag","embeddable":true,"href":"https:\/\/webshop.gmatransmission.com\/sq\/wp-json\/wp\/v2\/product_tag?post=46670"}],"curies":[{"name":"wp","href":"https:\/\/api.w.org\/{rel}","templated":true}]}}